{"id":32,"date":"2026-04-08T13:18:16","date_gmt":"2026-04-08T13:18:16","guid":{"rendered":"https:\/\/789p3.net\/?page_id=32"},"modified":"2026-04-09T04:38:24","modified_gmt":"2026-04-09T04:38:24","slug":"789p","status":"publish","type":"page","link":"https:\/\/789p3.net\/","title":{"rendered":"789P"},"content":{"rendered":"\n\t<section class=\"section\" id=\"section_1150271162\">\n\t\t<div class=\"section-bg fill\" >\n\t\t\t\t\t\t\t\t\t\n\t\t\t\n\n\t\t<\/div>\n\n\t\t\n\n\t\t<div class=\"section-content relative\">\n\t\t\t\n<div class=\"row\"  id=\"row-2138166482\">\n\n\t<div id=\"col-1159677765\" class=\"col medium-8 small-12 large-8\"  >\n\t\t\t\t<div class=\"col-inner\"  >\n\t\t\t\n\t\t\t\n<div class=\"container section-title-container\" ><h1 class=\"section-title section-title-bold-center\"><span class=\"ez-toc-section\" id=\"789P-_TRang_chinh_thuc_789p_com_Moi_nhat_2026_code_178k_free\"><\/span><b><\/b><span class=\"section-title-main\" >789P- TRang ch\u00ednh th\u1ee9c 789p com M\u1edbi nh\u1ea5t 2026, + code 178k free<\/span><b><\/b><span class=\"ez-toc-section-end\"><\/span><\/h1><\/div>\n<p><strong><a href=\"https:\/\/789p3.net\/\">789P<\/a><\/strong> l\u00e0 nh\u00e0 c\u00e1i tr\u1ef1c tuy\u1ebfn \u0111\u01b0\u1ee3c nhi\u1ec1u ng\u01b0\u1eddi ch\u01a1i \u0111\u00e1nh gi\u00e1 cao nh\u1edd h\u1ec7 sinh th\u00e1i gi\u1ea3i tr\u00ed \u0111a d\u1ea1ng v\u00e0 d\u1ecbch v\u1ee5 chuy\u00ean nghi\u1ec7p. Kh\u00f4ng ch\u1ec9 n\u1ed5i b\u1eadt v\u1edbi c\u00e1 c\u01b0\u1ee3c th\u1ec3 thao v\u00e0 casino live, <strong>789 P<\/strong> c\u00f2n cung c\u1ea5p kho game b\u00e0i, n\u1ed5 h\u0169 \u0111\u1ed5i th\u01b0\u1edfng h\u1ea5p d\u1eabn t\u1ea1i <strong>789P.COM<\/strong> v\u1edbi giao di\u1ec7n th\u00e2n thi\u1ec7n, t\u1ed1c \u0111\u1ed9 t\u1ea3i nhanh. Ngo\u00e0i ra, <strong>link 789P<\/strong> lu\u00f4n \u0111\u01b0\u1ee3c c\u1eadp nh\u1eadt th\u01b0\u1eddng xuy\u00ean, \u0111\u1ea3m b\u1ea3o truy c\u1eadp \u1ed5n \u0111\u1ecbnh, an to\u00e0n v\u00e0 mang \u0111\u1ebfn tr\u1ea3i nghi\u1ec7m m\u01b0\u1ee3t m\u00e0 tr\u00ean m\u1ecdi thi\u1ebft b\u1ecb.<\/p><div id=\"ez-toc-container\" class=\"ez-toc-v2_0_82_2 counter-hierarchy ez-toc-counter ez-toc-grey ez-toc-container-direction\">\n<div class=\"ez-toc-title-container\">\n<p class=\"ez-toc-title\" style=\"cursor:inherit\">N\u1ed9i dung b\u00e0i vi\u1ebft<\/p>\n<span class=\"ez-toc-title-toggle\"><a href=\"#\" class=\"ez-toc-pull-right ez-toc-btn ez-toc-btn-xs ez-toc-btn-default ez-toc-toggle\" aria-label=\"Toggle Table of Content\"><span class=\"ez-toc-js-icon-con\"><span class=\"\"><span class=\"eztoc-hide\" style=\"display:none;\">Toggle<\/span><span class=\"ez-toc-icon-toggle-span\"><svg style=\"fill: #999;color:#999\" xmlns=\"http:\/\/www.w3.org\/2000\/svg\" class=\"list-377408\" width=\"20px\" height=\"20px\" viewBox=\"0 0 24 24\" fill=\"none\"><path d=\"M6 6H4v2h2V6zm14 0H8v2h12V6zM4 11h2v2H4v-2zm16 0H8v2h12v-2zM4 16h2v2H4v-2zm16 0H8v2h12v-2z\" fill=\"currentColor\"><\/path><\/svg><svg style=\"fill: #999;color:#999\" class=\"arrow-unsorted-368013\" xmlns=\"http:\/\/www.w3.org\/2000\/svg\" width=\"10px\" height=\"10px\" viewBox=\"0 0 24 24\" version=\"1.2\" baseProfile=\"tiny\"><path d=\"M18.2 9.3l-6.2-6.3-6.2 6.3c-.2.2-.3.4-.3.7s.1.5.3.7c.2.2.4.3.7.3h11c.3 0 .5-.1.7-.3.2-.2.3-.5.3-.7s-.1-.5-.3-.7zM5.8 14.7l6.2 6.3 6.2-6.3c.2-.2.3-.5.3-.7s-.1-.5-.3-.7c-.2-.2-.4-.3-.7-.3h-11c-.3 0-.5.1-.7.3-.2.2-.3.5-.3.7s.1.5.3.7z\"\/><\/svg><\/span><\/span><\/span><\/a><\/span><\/div>\n<nav><ul class='ez-toc-list ez-toc-list-level-1 ' ><li class='ez-toc-page-1 ez-toc-heading-level-1'><a class=\"ez-toc-link ez-toc-heading-1\" href=\"https:\/\/789p3.net\/#789P-_TRang_chinh_thuc_789p_com_Moi_nhat_2026_code_178k_free\" >789P- TRang ch\u00ednh th\u1ee9c 789p com M\u1edbi nh\u1ea5t 2026, + code 178k free<\/a><ul class='ez-toc-list-level-2' ><li class='ez-toc-heading-level-2'><a class=\"ez-toc-link ez-toc-heading-2\" href=\"https:\/\/789p3.net\/#TIN_TUC_MOI_NHAT\" >TIN T\u1ee8C M\u1edaI NH\u1ea4T<\/a><\/li><\/ul><\/li><\/ul><\/nav><\/div>\n\n<div id=\"messageView\" class=\"message-view  \" tabindex=\"21\">\n<div>\n<div id=\"messageViewContainer\" class=\" message-view__scroll \">\n<div class=\"transform-gpu\">\n<div id=\"messageViewScroll\" class=\"message-view__scroll__inner --audit-message-spacing --less-space preview-ts fadeInAndOut\">\n<div class=\"block-date\">\n<div class=\"chat-item flx  chat-item-audit chat-item-spacing me\">\n<div class=\"chat-content flx flx-col flx-cell chat-content-audit\">\n<div id=\"bb_msg_id_1775709455137\" class=\"chat-message chat-message-v2 wrap-message rotate-container me -send-time -reaction\" data-component=\"bubble-message\">\n<div class=\"message-wrapper message-wrapper--me\">\n<div class=\"message-content-wrapper\">\n<div class=\"message-content-render focused-background\">\n<div id=\"message-frame_1775709455137\" class=\" me  last-msg card shadow-bubble message-frame focused-item focused-item--has-border\" data-component=\"message-content-view\" data-qid=\"7706921522394@1775709455137_0_7552585554610136403\">\n<div class=\"\" data-id=\"div_DisabledTargetEventLayer\">\n<div class=\"message-action\">\n<div id=\"text-mCntr_7706921522394-1775709455137-0-7552585554610136403\" class=\"text-message__container\" data-id=\"div_SentMsg_Text\">\n<div>\n<div class=\"overflow-hidden\" data-component=\"message-text-content\"><span class=\"emoji-sizer emoji-outer  larger\">\ud83d\udc49 Link M\u1edbi nh\u1ea5t 2026 kh\u00f4ng ch\u1eb7n v\u00e0o 789P COM: <strong><a href=\"https:\/\/789p3.net\/\">https:\/\/789p3.net\/<\/a><\/strong><\/span><\/div>\n<\/div>\n<\/div>\n<\/div>\n<\/div>\n<\/div>\n<\/div>\n<\/div>\n<\/div>\n<\/div>\n<\/div>\n<\/div>\n<\/div>\n<\/div>\n<\/div>\n<\/div>\n<\/div>\n<\/div>\n<div id=\"chat-box-input-container-id\" class=\"chat-box-input-container\">\n<div id=\"chatInput\" class=\"chat-box-input chat-box-input--to-focus win32\">\n<div class=\"chat-box-input__heading\">\u00a0<\/div>\n<div id=\"chat-input-container-id\" class=\"chat-input-container\">\n<div class=\"chat-input-container__left-layout\">\n<div id=\"chat-input-scroller-id\" class=\"chat-input-scrollable\">\n<div class=\"chat-input-wrapper\">\n<div id=\"chat-input-content-id\" class=\"chat-input-content\">\n<div id=\"richInput\" class=\"rich-input empty\" tabindex=\"1\" contenteditable=\"false\" spellcheck=\"false\" data-keybinding-context=\"mainChatInputFocus#1\" data-translate-placeholder=\"STR_MESSAGE_TO\" data-trailer=\"My Documents\">\n<div id=\"input_line_0\">\u00a0<\/div>\n<\/div>\n<\/div>\n<\/div>\n<\/div>\n<\/div>\n<\/div>\n<\/div>\n<\/div>\n\t\t<\/div>\n\t\t\t\t\t<\/div>\n\n\t\n\n\t<div id=\"col-1059084090\" class=\"col medium-4 small-12 large-4\"  >\n\t\t\t\t<div class=\"col-inner\"  >\n\t\t\t\n\t\t\t\n\t<div class=\"img has-hover x md-x lg-x y md-y lg-y\" id=\"image_1307150728\">\n\t\t\t\t\t\t\t\t<div class=\"img-inner dark\" >\n\t\t\t<img loading=\"lazy\" decoding=\"async\" width=\"658\" height=\"658\" src=\"https:\/\/789p3.net\/wp-content\/uploads\/2026\/04\/789p-banner.webp\" class=\"attachment-original size-original\" alt=\"banner 789p\" srcset=\"https:\/\/789p3.net\/wp-content\/uploads\/2026\/04\/789p-banner.webp 658w, https:\/\/789p3.net\/wp-content\/uploads\/2026\/04\/789p-banner-300x300.webp 300w, https:\/\/789p3.net\/wp-content\/uploads\/2026\/04\/789p-banner-150x150.webp 150w\" sizes=\"auto, (max-width: 658px) 100vw, 658px\" \/>\t\t\t\t\t\t\n\t\t\t\t\t<\/div>\n\t\t\t\t\t\t\t\t\n<style>\n#image_1307150728 {\n  width: 100%;\n}\n<\/style>\n\t<\/div>\n\t\n\t\t<\/div>\n\t\t\t\t\t<\/div>\n\n\t\n<\/div>\n<div class=\"row row-collapse row-full-width\"  id=\"row-163313105\">\n\n\t<div id=\"col-1875512057\" class=\"col medium-6 large-6\"  >\n\t\t\t\t<div class=\"col-inner\"  >\n\t\t\t\n\t\t\t\n<a href=\"https:\/\/xjwne.are3are3.com\/?inviteCode=6697032\" target=\"_blank\" class=\"button alert expand\" rel=\"Nofollow noopener\" style=\"border-radius:99px;\">\n\t\t<span>\u0110\u0102NG K\u00dd T\u00c0I KHO\u1ea2N<\/span>\n\t<\/a>\n\n\t\t<\/div>\n\t\t\t\t\t<\/div>\n\n\t\n\n\t<div id=\"col-1603071147\" class=\"col medium-6 large-6\"  >\n\t\t\t\t<div class=\"col-inner\"  >\n\t\t\t\n\t\t\t\n<a href=\"https:\/\/xjwne.are3are3.com\/?inviteCode=6697032\" target=\"_blank\" class=\"button success expand\" rel=\"Nofollow noopener\" style=\"border-radius:99px;\">\n\t\t<span>\u0110\u0102NG NH\u1eacP<\/span>\n\t<\/a>\n\n\t\t<\/div>\n\t\t\t\t\t<\/div>\n\n\t\n<\/div>\n<div class=\"row\"  id=\"row-599282593\">\n\n\t<div id=\"col-628866940\" class=\"col small-12 large-12\"  >\n\t\t\t\t<div class=\"col-inner\"  >\n\t\t\t\n\t\t\t\n<p>N\u1ed8I DUNG B\u00c0I VI\u1ebeT<\/p>\n\t\t<\/div>\n\t\t\t\t\t<\/div>\n\n\t\n<\/div>\n<div class=\"row\"  id=\"row-2088261832\">\n\n\t<div id=\"col-604205173\" class=\"col small-12 large-12\"  >\n\t\t\t\t<div class=\"col-inner\"  >\n\t\t\t\n\t\t\t\n<div class=\"container section-title-container\" ><h2 class=\"section-title section-title-normal\"><span class=\"ez-toc-section\" id=\"TIN_TUC_MOI_NHAT\"><\/span><b><\/b><span class=\"section-title-main\" >TIN T\u1ee8C M\u1edaI NH\u1ea4T<\/span><b><\/b><span class=\"ez-toc-section-end\"><\/span><\/h2><\/div>\n\n  \n    <div class=\"row large-columns-3 medium-columns-1 small-columns-1 slider row-slider slider-nav-reveal slider-nav-push\"  data-flickity-options='{&quot;imagesLoaded&quot;: true, &quot;groupCells&quot;: &quot;100%&quot;, &quot;dragThreshold&quot; : 5, &quot;cellAlign&quot;: &quot;left&quot;,&quot;wrapAround&quot;: true,&quot;prevNextButtons&quot;: true,&quot;percentPosition&quot;: true,&quot;pageDots&quot;: false, &quot;rightToLeft&quot;: false, &quot;autoPlay&quot; : false}' >\n\n  <\/div>\n\t\t<\/div>\n\t\t\t\t\t<\/div>\n\n\t\n<\/div>\n\t\t<\/div>\n\n\t\t\n<style>\n#section_1150271162 {\n  padding-top: 30px;\n  padding-bottom: 30px;\n}\n<\/style>\n\t<\/section>\n\t\n","protected":false},"excerpt":{"rendered":"","protected":false},"author":1,"featured_media":0,"parent":0,"menu_order":0,"comment_status":"closed","ping_status":"closed","template":"page-blank.php","meta":{"footnotes":""},"class_list":["post-32","page","type-page","status-publish","hentry"],"_links":{"self":[{"href":"https:\/\/789p3.net\/wp-json\/wp\/v2\/pages\/32","targetHints":{"allow":["GET"]}}],"collection":[{"href":"https:\/\/789p3.net\/wp-json\/wp\/v2\/pages"}],"about":[{"href":"https:\/\/789p3.net\/wp-json\/wp\/v2\/types\/page"}],"author":[{"embeddable":true,"href":"https:\/\/789p3.net\/wp-json\/wp\/v2\/users\/1"}],"replies":[{"embeddable":true,"href":"https:\/\/789p3.net\/wp-json\/wp\/v2\/comments?post=32"}],"version-history":[{"count":17,"href":"https:\/\/789p3.net\/wp-json\/wp\/v2\/pages\/32\/revisions"}],"predecessor-version":[{"id":57,"href":"https:\/\/789p3.net\/wp-json\/wp\/v2\/pages\/32\/revisions\/57"}],"wp:attachment":[{"href":"https:\/\/789p3.net\/wp-json\/wp\/v2\/media?parent=32"}],"curies":[{"name":"wp","href":"https:\/\/api.w.org\/{rel}","templated":true}]}}